{"id":1831,"date":"2021-04-26T18:35:18","date_gmt":"2021-04-26T18:35:18","guid":{"rendered":"http:\/\/mia.rf.gd\/?page_id=1831"},"modified":"2021-09-05T16:07:44","modified_gmt":"2021-09-05T16:07:44","slug":"b-spices","status":"publish","type":"page","link":"https:\/\/www.miatrading.com\/de\/b-spices\/","title":{"rendered":"B SPICES"},"content":{"rendered":"<div data-elementor-type=\"wp-page\" data-elementor-id=\"1831\" class=\"elementor elementor-1831\">\n\t\t\t\t\t\t<section class=\"elementor-section elementor-top-section elementor-element elementor-element-29839a2 elementor-section-stretched elementor-section-height-min-height elementor-section-boxed elementor-section-height-default elementor-section-items-middle\" data-id=\"29839a2\" data-element_type=\"section\" data-settings=\"{&quot;stretch_section&quot;:&quot;section-stretched&quot;,&quot;background_background&quot;:&quot;classic&quot;}\">\n\t\t\t\t\t\t\t<div class=\"elementor-background-overlay\"><\/div>\n\t\t\t\t\t\t\t<div class=\"elementor-container elementor-column-gap-default\">\n\t\t\t\t\t<div class=\"elementor-column elementor-col-100 elementor-top-column elementor-element elementor-element-5f1d4ced\" data-id=\"5f1d4ced\" data-element_type=\"column\">\n\t\t\t<div class=\"elementor-widget-wrap elementor-element-populated\">\n\t\t\t\t\t\t\t<\/div>\n\t\t<\/div>\n\t\t\t\t\t<\/div>\n\t\t<\/section>\n\t\t\t\t<section class=\"elementor-section elementor-top-section elementor-element elementor-element-387c12ec elementor-section-boxed elementor-section-height-default elementor-section-height-default\" data-id=\"387c12ec\" data-element_type=\"section\" data-settings=\"{&quot;background_background&quot;:&quot;classic&quot;}\">\n\t\t\t\t\t\t<div class=\"elementor-container elementor-column-gap-default\">\n\t\t\t\t\t<div class=\"elementor-column elementor-col-50 elementor-top-column elementor-element elementor-element-49f43ccc elementor-invisible\" data-id=\"49f43ccc\" data-element_type=\"column\" data-settings=\"{&quot;background_background&quot;:&quot;classic&quot;,&quot;animation&quot;:&quot;fadeInLeft&quot;,&quot;animation_delay&quot;:1000}\">\n\t\t\t<div class=\"elementor-widget-wrap elementor-element-populated\">\n\t\t\t\t\t\t<div class=\"elementor-element elementor-element-3fd3f7ec elementor-widget elementor-widget-image\" data-id=\"3fd3f7ec\" data-element_type=\"widget\" data-widget_type=\"image.default\">\n\t\t\t\t<div class=\"elementor-widget-container\">\n\t\t\t\t\t\t\t\t\t\t\t\t\t\t\t<img decoding=\"async\" src=\"https:\/\/www.miatrading.com\/wp-content\/uploads\/elementor\/thumbs\/E\u0301pice-pgs55uegch0ifmwtdo436flb2z03ojg2rtcqkexjlc.jpg\" title=\"E\u0301pice\" alt=\"E\u0301pice\" loading=\"lazy\" \/>\t\t\t\t\t\t\t\t\t\t\t\t\t\t\t<\/div>\n\t\t\t\t<\/div>\n\t\t\t\t\t<\/div>\n\t\t<\/div>\n\t\t\t\t<div class=\"elementor-column elementor-col-50 elementor-top-column elementor-element elementor-element-2529ad3 elementor-invisible\" data-id=\"2529ad3\" data-element_type=\"column\" data-settings=\"{&quot;background_background&quot;:&quot;classic&quot;,&quot;animation&quot;:&quot;fadeInRight&quot;,&quot;animation_delay&quot;:1000}\">\n\t\t\t<div class=\"elementor-widget-wrap elementor-element-populated\">\n\t\t\t\t\t\t<div class=\"elementor-element elementor-element-181facc4 elementor-widget elementor-widget-heading\" data-id=\"181facc4\" data-element_type=\"widget\" data-widget_type=\"heading.default\">\n\t\t\t\t<div class=\"elementor-widget-container\">\n\t\t\t\t\t<h2 class=\"elementor-heading-title elementor-size-default\">B SPICES<\/h2>\t\t\t\t<\/div>\n\t\t\t\t<\/div>\n\t\t\t\t<div class=\"elementor-element elementor-element-740b8d2c elementor-widget elementor-widget-text-editor\" data-id=\"740b8d2c\" data-element_type=\"widget\" data-widget_type=\"text-editor.default\">\n\t\t\t\t<div class=\"elementor-widget-container\">\n\t\t\t\t\t\t\t\t\t<p>Ob schwarzer oder wei\u00dfer Pfeffer, oder auch Salbei, Thymian, Oregano, Fenchel, Zimt,\nKoriander, Kardamom, Lorbeer, Kreuzk\u00fcmmel, Muskatnuss, Eisenkraut, Petersilie, Kurkuma, ... <br><\/p><p>alle unsere Gew\u00fcrze sind rein und unverf\u00e4lscht oder in k\u00f6stlichen Mischungen verpackt, mit dem\nber\u00fchmten Ras-el-Hanout als Star.\n<\/p>\t\t\t\t\t\t\t\t<\/div>\n\t\t\t\t<\/div>\n\t\t\t\t\t<\/div>\n\t\t<\/div>\n\t\t\t\t\t<\/div>\n\t\t<\/section>\n\t\t\t\t<section class=\"elementor-section elementor-top-section elementor-element elementor-element-2ce6c196 elementor-section-stretched elementor-section-boxed elementor-section-height-default elementor-section-height-default\" data-id=\"2ce6c196\" data-element_type=\"section\" data-settings=\"{&quot;stretch_section&quot;:&quot;section-stretched&quot;,&quot;background_background&quot;:&quot;classic&quot;}\">\n\t\t\t\t\t\t\t<div class=\"elementor-background-overlay\"><\/div>\n\t\t\t\t\t\t\t<div class=\"elementor-container elementor-column-gap-default\">\n\t\t\t\t\t<div class=\"elementor-column elementor-col-50 elementor-top-column elementor-element elementor-element-bc65021 elementor-invisible\" data-id=\"bc65021\" data-element_type=\"column\" data-settings=\"{&quot;background_background&quot;:&quot;classic&quot;,&quot;animation&quot;:&quot;fadeInLeft&quot;}\">\n\t\t\t<div class=\"elementor-widget-wrap elementor-element-populated\">\n\t\t\t\t\t\t<div class=\"elementor-element elementor-element-c36b6d8 elementor-widget elementor-widget-image\" data-id=\"c36b6d8\" data-element_type=\"widget\" data-widget_type=\"image.default\">\n\t\t\t\t<div class=\"elementor-widget-container\">\n\t\t\t\t\t\t\t\t\t\t\t\t\t\t\t<img decoding=\"async\" width=\"160\" height=\"89\" src=\"https:\/\/www.miatrading.com\/wp-content\/uploads\/2021\/03\/mia-trading-in.png\" class=\"attachment-large size-large wp-image-1185\" alt=\"\" \/>\t\t\t\t\t\t\t\t\t\t\t\t\t\t\t<\/div>\n\t\t\t\t<\/div>\n\t\t\t\t<div class=\"elementor-element elementor-element-021f268 elementor-widget-divider--view-line elementor-widget elementor-widget-divider\" data-id=\"021f268\" data-element_type=\"widget\" data-widget_type=\"divider.default\">\n\t\t\t\t<div class=\"elementor-widget-container\">\n\t\t\t\t\t\t\t<div class=\"elementor-divider\">\n\t\t\t<span class=\"elementor-divider-separator\">\n\t\t\t\t\t\t<\/span>\n\t\t<\/div>\n\t\t\t\t\t\t<\/div>\n\t\t\t\t<\/div>\n\t\t\t\t<div class=\"elementor-element elementor-element-81bba2b elementor-widget elementor-widget-heading\" data-id=\"81bba2b\" data-element_type=\"widget\" data-widget_type=\"heading.default\">\n\t\t\t\t<div class=\"elementor-widget-container\">\n\t\t\t\t\t<h6 class=\"elementor-heading-title elementor-size-default\"><p>MIA TRADING INT SA<br>\nQuai des Usines 22-23 Boite 6 <br>MABRU - B\u00e2timent B - Porte B5 <br>1000 Bruxelles<br>Belgique<\/p><\/h6>\t\t\t\t<\/div>\n\t\t\t\t<\/div>\n\t\t\t\t<div class=\"elementor-element elementor-element-98e8ff4 elementor-widget elementor-widget-text-editor\" data-id=\"98e8ff4\" data-element_type=\"widget\" data-widget_type=\"text-editor.default\">\n\t\t\t\t<div class=\"elementor-widget-container\">\n\t\t\t\t\t\t\t\t\t<p><\/p>\n<p>T\u00e9l : +32 2 240 10 80 <br><\/p><p>Fax : +32 2 240 10 88<\/p>\n<p><a href=\"mailto:info@miatrading.com\"> info@miatrading.com<\/a><\/p>\t\t\t\t\t\t\t\t<\/div>\n\t\t\t\t<\/div>\n\t\t\t\t\t<\/div>\n\t\t<\/div>\n\t\t\t\t<div class=\"elementor-column elementor-col-50 elementor-top-column elementor-element elementor-element-19cafdb9\" data-id=\"19cafdb9\" data-element_type=\"column\" data-settings=\"{&quot;background_background&quot;:&quot;classic&quot;}\">\n\t\t\t<div class=\"elementor-widget-wrap elementor-element-populated\">\n\t\t\t\t\t\t<div class=\"elementor-element elementor-element-64b7cb8a elementor-widget elementor-widget-image\" data-id=\"64b7cb8a\" data-element_type=\"widget\" data-widget_type=\"image.default\">\n\t\t\t\t<div class=\"elementor-widget-container\">\n\t\t\t\t\t\t\t\t\t\t\t\t\t\t\t<img decoding=\"async\" src=\"https:\/\/www.miatrading.com\/wp-content\/uploads\/elementor\/thumbs\/red-quotation-marks-hi-pgs55ue7xve11ycwuw0y8uwmjhgkyufic0hldh2nuk.png\" title=\"red-quotation-marks-hi\" alt=\"red-quotation-marks-hi\" loading=\"lazy\" \/>\t\t\t\t\t\t\t\t\t\t\t\t\t\t\t<\/div>\n\t\t\t\t<\/div>\n\t\t\t\t<div class=\"elementor-element elementor-element-6d09a118 elementor-widget elementor-widget-testimonial\" data-id=\"6d09a118\" data-element_type=\"widget\" data-widget_type=\"testimonial.default\">\n\t\t\t\t<div class=\"elementor-widget-container\">\n\t\t\t\t\t\t\t<div class=\"elementor-testimonial-wrapper\">\n\t\t\t\t\t\t\t<div class=\"elementor-testimonial-content\"><div data-id=\"e573bf3\" data-element_type=\"column\">Alle unsere \n<div><div data-id=\"982a66d\" data-element_type=\"widget\" data-widget_type=\"text-editor.default\"><div><div><p>Produkte sind von garantierter Lebensmittelqualit\u00e4t und zum besten Preis auf dem Markt.\nDies ist zweifellos der Grund f\u00fcr den Erfolg unseres Sortiments und unsere Anerkennung als\nReferenzlieferant f\u00fcr das Weltern\u00e4hrungsprogramm der Vereinten Nationen (WFP) und das United Office for Project Services (UNOPS).<\/p><\/div>\n\t\t\t\t<\/div>\n\t\t\t\t<\/div>\n\t\t\t\t\t<\/div>\n\t\t<\/div><\/div>\n\t\t\t\n\t\t\t\t\t<\/div>\n\t\t\t\t\t\t<\/div>\n\t\t\t\t<\/div>\n\t\t\t\t\t<\/div>\n\t\t<\/div>\n\t\t\t\t\t<\/div>\n\t\t<\/section>\n\t\t\t\t<\/div>","protected":false},"excerpt":{"rendered":"<p>B SPICES poivre noir ou blanc mais aussi la sauge, le thym, l\u2019origan, le fenouil, la cannelle, la coriandre, la cardamome, le laurier, le cumin, la muscade, la verveine, le persil, le curcuma, \u2026 toutes nos \u00e9pices sont conditionn\u00e9es en plante g\u00e9n\u00e9rique ou en d\u00e9licieux m\u00e9langes avec, en vedette, le c\u00e9l\u00e8bre Ras-el-Hanout. MIA TRADING INT [&hellip;]<\/p>","protected":false},"author":1,"featured_media":0,"parent":0,"menu_order":0,"comment_status":"closed","ping_status":"closed","template":"elementor_header_footer","meta":{"zakra_sidebar_layout":"customizer","zakra_remove_content_margin":false,"zakra_sidebar":"customizer","zakra_transparent_header":"customizer","zakra_logo":0,"zakra_main_header_style":"default","zakra_menu_item_color":"","zakra_menu_item_hover_color":"","zakra_menu_item_active_color":"","zakra_menu_active_style":"","zakra_page_header":true,"footnotes":""},"class_list":["post-1831","page","type-page","status-publish","hentry"],"_links":{"self":[{"href":"https:\/\/www.miatrading.com\/de\/wp-json\/wp\/v2\/pages\/1831","targetHints":{"allow":["GET"]}}],"collection":[{"href":"https:\/\/www.miatrading.com\/de\/wp-json\/wp\/v2\/pages"}],"about":[{"href":"https:\/\/www.miatrading.com\/de\/wp-json\/wp\/v2\/types\/page"}],"author":[{"embeddable":true,"href":"https:\/\/www.miatrading.com\/de\/wp-json\/wp\/v2\/users\/1"}],"replies":[{"embeddable":true,"href":"https:\/\/www.miatrading.com\/de\/wp-json\/wp\/v2\/comments?post=1831"}],"version-history":[{"count":16,"href":"https:\/\/www.miatrading.com\/de\/wp-json\/wp\/v2\/pages\/1831\/revisions"}],"predecessor-version":[{"id":2499,"href":"https:\/\/www.miatrading.com\/de\/wp-json\/wp\/v2\/pages\/1831\/revisions\/2499"}],"wp:attachment":[{"href":"https:\/\/www.miatrading.com\/de\/wp-json\/wp\/v2\/media?parent=1831"}],"curies":[{"name":"wp","href":"https:\/\/api.w.org\/{rel}","templated":true}]}}