{"id":1875,"date":"2021-04-26T19:12:11","date_gmt":"2021-04-26T19:12:11","guid":{"rendered":"http:\/\/mia.rf.gd\/?page_id=1875"},"modified":"2021-09-05T16:11:37","modified_gmt":"2021-09-05T16:11:37","slug":"garmello","status":"publish","type":"page","link":"https:\/\/www.miatrading.com\/de\/garmello\/","title":{"rendered":"GARMELLO"},"content":{"rendered":"<div data-elementor-type=\"wp-page\" data-elementor-id=\"1875\" class=\"elementor elementor-1875\">\n\t\t\t\t\t\t<section class=\"elementor-section elementor-top-section elementor-element elementor-element-33296a14 elementor-section-stretched elementor-section-height-min-height elementor-section-boxed elementor-section-height-default elementor-section-items-middle\" data-id=\"33296a14\" data-element_type=\"section\" data-settings=\"{&quot;stretch_section&quot;:&quot;section-stretched&quot;,&quot;background_background&quot;:&quot;classic&quot;}\">\n\t\t\t\t\t\t\t<div class=\"elementor-background-overlay\"><\/div>\n\t\t\t\t\t\t\t<div class=\"elementor-container elementor-column-gap-default\">\n\t\t\t\t\t<div class=\"elementor-column elementor-col-100 elementor-top-column elementor-element elementor-element-4954d897\" data-id=\"4954d897\" data-element_type=\"column\">\n\t\t\t<div class=\"elementor-widget-wrap elementor-element-populated\">\n\t\t\t\t\t\t\t<\/div>\n\t\t<\/div>\n\t\t\t\t\t<\/div>\n\t\t<\/section>\n\t\t\t\t<section class=\"elementor-section elementor-top-section elementor-element elementor-element-5985c8ea elementor-section-boxed elementor-section-height-default elementor-section-height-default\" data-id=\"5985c8ea\" data-element_type=\"section\" data-settings=\"{&quot;background_background&quot;:&quot;classic&quot;}\">\n\t\t\t\t\t\t<div class=\"elementor-container elementor-column-gap-default\">\n\t\t\t\t\t<div class=\"elementor-column elementor-col-50 elementor-top-column elementor-element elementor-element-525c5930 elementor-invisible\" data-id=\"525c5930\" data-element_type=\"column\" data-settings=\"{&quot;background_background&quot;:&quot;classic&quot;,&quot;animation&quot;:&quot;fadeInLeft&quot;,&quot;animation_delay&quot;:1000}\">\n\t\t\t<div class=\"elementor-widget-wrap elementor-element-populated\">\n\t\t\t\t\t\t<div class=\"elementor-element elementor-element-15f6f58c elementor-widget elementor-widget-image\" data-id=\"15f6f58c\" data-element_type=\"widget\" data-widget_type=\"image.default\">\n\t\t\t\t<div class=\"elementor-widget-container\">\n\t\t\t\t\t\t\t\t\t\t\t\t\t\t\t<img decoding=\"async\" src=\"https:\/\/www.miatrading.com\/wp-content\/uploads\/elementor\/thumbs\/cover-r4x3w1000-5cc2582c01b46-00000022-jpg-pgs55uegch0ifmwtdo436flb2z03ojg2rtcqkexjlc.jpg\" title=\"cover-r4x3w1000-5cc2582c01b46-00000022-jpg\" alt=\"cover-r4x3w1000-5cc2582c01b46-00000022-jpg\" loading=\"lazy\" \/>\t\t\t\t\t\t\t\t\t\t\t\t\t\t\t<\/div>\n\t\t\t\t<\/div>\n\t\t\t\t\t<\/div>\n\t\t<\/div>\n\t\t\t\t<div class=\"elementor-column elementor-col-50 elementor-top-column elementor-element elementor-element-3502d53b elementor-invisible\" data-id=\"3502d53b\" data-element_type=\"column\" data-settings=\"{&quot;background_background&quot;:&quot;classic&quot;,&quot;animation&quot;:&quot;fadeInRight&quot;,&quot;animation_delay&quot;:1000}\">\n\t\t\t<div class=\"elementor-widget-wrap elementor-element-populated\">\n\t\t\t\t\t\t<div class=\"elementor-element elementor-element-51bbc365 elementor-widget elementor-widget-heading\" data-id=\"51bbc365\" data-element_type=\"widget\" data-widget_type=\"heading.default\">\n\t\t\t\t<div class=\"elementor-widget-container\">\n\t\t\t\t\t<h2 class=\"elementor-heading-title elementor-size-default\">GARMELLO<\/h2>\t\t\t\t<\/div>\n\t\t\t\t<\/div>\n\t\t\t\t<div class=\"elementor-element elementor-element-7be4b1ed elementor-widget elementor-widget-text-editor\" data-id=\"7be4b1ed\" data-element_type=\"widget\" data-widget_type=\"text-editor.default\">\n\t\t\t\t<div class=\"elementor-widget-container\">\n\t\t\t\t\t\t\t\t\tEine gro\u00dfe Auswahl an Trockenfr\u00fcchten und N\u00fcssen - Cashewn\u00fcsse, Pistazien, Mandeln,\nRosinen,<br><div>Pipas, Bananen, Pinienkerne, K\u00fcrbiskerne, pikante Aperitif-Mischungen, \u00fcberzogen oder\nnaturbelassen... <br><\/div><div>alle aus kontrollierter Herkunft und sorgf\u00e4ltig ausgew\u00e4hlt und in \"Pocket-Packungen\u201c\nf\u00fcr kleine Snacks oder in Mengenbeutel f\u00fcr Empf\u00e4nge oder Familienfeiern verpackt. Sie haben die Qual der Wahl!<\/div>\t\t\t\t\t\t\t\t<\/div>\n\t\t\t\t<\/div>\n\t\t\t\t\t<\/div>\n\t\t<\/div>\n\t\t\t\t\t<\/div>\n\t\t<\/section>\n\t\t\t\t<section class=\"elementor-section elementor-top-section elementor-element elementor-element-5ffb4ef0 elementor-section-stretched elementor-section-boxed elementor-section-height-default elementor-section-height-default\" data-id=\"5ffb4ef0\" data-element_type=\"section\" data-settings=\"{&quot;stretch_section&quot;:&quot;section-stretched&quot;,&quot;background_background&quot;:&quot;classic&quot;}\">\n\t\t\t\t\t\t\t<div class=\"elementor-background-overlay\"><\/div>\n\t\t\t\t\t\t\t<div class=\"elementor-container elementor-column-gap-default\">\n\t\t\t\t\t<div class=\"elementor-column elementor-col-50 elementor-top-column elementor-element elementor-element-942147c elementor-invisible\" data-id=\"942147c\" data-element_type=\"column\" data-settings=\"{&quot;background_background&quot;:&quot;classic&quot;,&quot;animation&quot;:&quot;fadeInLeft&quot;}\">\n\t\t\t<div class=\"elementor-widget-wrap elementor-element-populated\">\n\t\t\t\t\t\t<div class=\"elementor-element elementor-element-c5c9cc8 elementor-widget elementor-widget-image\" data-id=\"c5c9cc8\" data-element_type=\"widget\" data-widget_type=\"image.default\">\n\t\t\t\t<div class=\"elementor-widget-container\">\n\t\t\t\t\t\t\t\t\t\t\t\t\t\t\t<img decoding=\"async\" width=\"160\" height=\"89\" src=\"https:\/\/www.miatrading.com\/wp-content\/uploads\/2021\/03\/mia-trading-in.png\" class=\"attachment-large size-large wp-image-1185\" alt=\"\" \/>\t\t\t\t\t\t\t\t\t\t\t\t\t\t\t<\/div>\n\t\t\t\t<\/div>\n\t\t\t\t<div class=\"elementor-element elementor-element-59fe1dc elementor-widget-divider--view-line elementor-widget elementor-widget-divider\" data-id=\"59fe1dc\" data-element_type=\"widget\" data-widget_type=\"divider.default\">\n\t\t\t\t<div class=\"elementor-widget-container\">\n\t\t\t\t\t\t\t<div class=\"elementor-divider\">\n\t\t\t<span class=\"elementor-divider-separator\">\n\t\t\t\t\t\t<\/span>\n\t\t<\/div>\n\t\t\t\t\t\t<\/div>\n\t\t\t\t<\/div>\n\t\t\t\t<div class=\"elementor-element elementor-element-d6d9403 elementor-widget elementor-widget-heading\" data-id=\"d6d9403\" data-element_type=\"widget\" data-widget_type=\"heading.default\">\n\t\t\t\t<div class=\"elementor-widget-container\">\n\t\t\t\t\t<h6 class=\"elementor-heading-title elementor-size-default\"><p>MIA TRADING INT SA<br>\nQuai des Usines 22-23 Boite 6 <br>MABRU - B\u00e2timent B - Porte B5 <br>1000 Bruxelles<br>Belgique<\/p><\/h6>\t\t\t\t<\/div>\n\t\t\t\t<\/div>\n\t\t\t\t<div class=\"elementor-element elementor-element-94de48f elementor-widget elementor-widget-text-editor\" data-id=\"94de48f\" data-element_type=\"widget\" data-widget_type=\"text-editor.default\">\n\t\t\t\t<div class=\"elementor-widget-container\">\n\t\t\t\t\t\t\t\t\t<p><\/p>\n<p>T\u00e9l : +32 2 240 10 80 <br><\/p><p>Fax : +32 2 240 10 88<\/p>\n<p><a href=\"mailto:info@miatrading.com\"> info@miatrading.com<\/a><\/p>\t\t\t\t\t\t\t\t<\/div>\n\t\t\t\t<\/div>\n\t\t\t\t\t<\/div>\n\t\t<\/div>\n\t\t\t\t<div class=\"elementor-column elementor-col-50 elementor-top-column elementor-element elementor-element-4f248317\" data-id=\"4f248317\" data-element_type=\"column\" data-settings=\"{&quot;background_background&quot;:&quot;classic&quot;}\">\n\t\t\t<div class=\"elementor-widget-wrap elementor-element-populated\">\n\t\t\t\t\t\t<div class=\"elementor-element elementor-element-57bbb19e elementor-widget elementor-widget-image\" data-id=\"57bbb19e\" data-element_type=\"widget\" data-widget_type=\"image.default\">\n\t\t\t\t<div class=\"elementor-widget-container\">\n\t\t\t\t\t\t\t\t\t\t\t\t\t\t\t<img decoding=\"async\" src=\"https:\/\/www.miatrading.com\/wp-content\/uploads\/elementor\/thumbs\/red-quotation-marks-hi-pgs55ue7xve11ycwuw0y8uwmjhgkyufic0hldh2nuk.png\" title=\"red-quotation-marks-hi\" alt=\"red-quotation-marks-hi\" loading=\"lazy\" \/>\t\t\t\t\t\t\t\t\t\t\t\t\t\t\t<\/div>\n\t\t\t\t<\/div>\n\t\t\t\t<div class=\"elementor-element elementor-element-7f02b493 elementor-widget elementor-widget-testimonial\" data-id=\"7f02b493\" data-element_type=\"widget\" data-widget_type=\"testimonial.default\">\n\t\t\t\t<div class=\"elementor-widget-container\">\n\t\t\t\t\t\t\t<div class=\"elementor-testimonial-wrapper\">\n\t\t\t\t\t\t\t<div class=\"elementor-testimonial-content\"><div data-id=\"e573bf3\" data-element_type=\"column\">Alle unsere \n<div><div data-id=\"982a66d\" data-element_type=\"widget\" data-widget_type=\"text-editor.default\"><div><div><p>Produkte sind von garantierter Lebensmittelqualit\u00e4t und zum besten Preis auf dem Markt.\nDies ist zweifellos der Grund f\u00fcr den Erfolg unseres Sortiments und unsere Anerkennung als\nReferenzlieferant f\u00fcr das Weltern\u00e4hrungsprogramm der Vereinten Nationen (WFP) und das United Office for Project Services (UNOPS).<\/p><\/div>\n\t\t\t\t<\/div>\n\t\t\t\t<\/div>\n\t\t\t\t\t<\/div>\n\t\t<\/div><\/div>\n\t\t\t\n\t\t\t\t\t<\/div>\n\t\t\t\t\t\t<\/div>\n\t\t\t\t<\/div>\n\t\t\t\t\t<\/div>\n\t\t<\/div>\n\t\t\t\t\t<\/div>\n\t\t<\/section>\n\t\t\t\t<\/div>","protected":false},"excerpt":{"rendered":"<p>GARMELLO Une vaste gamme de fruits secs, noix, noix de cajou, pistaches, amandes, raisins secs,pipas, bananes, pignons, graines de potirons, m\u00e9langes ap\u00e9ritifs, \u00e9pic\u00e9s, enrob\u00e9s ou nature\u2026 tous d\u2019origine contr\u00f4l\u00e9e et soigneusement choisis et conditionn\u00e9s en packaging \u00ab pocket \u00bb pour les petits grignotages, ou en sachets de quantit\u00e9 pour les r\u00e9ceptions ou f\u00eates de familles. [&hellip;]<\/p>","protected":false},"author":1,"featured_media":0,"parent":0,"menu_order":0,"comment_status":"closed","ping_status":"closed","template":"elementor_header_footer","meta":{"zakra_sidebar_layout":"customizer","zakra_remove_content_margin":false,"zakra_sidebar":"customizer","zakra_transparent_header":"customizer","zakra_logo":0,"zakra_main_header_style":"default","zakra_menu_item_color":"","zakra_menu_item_hover_color":"","zakra_menu_item_active_color":"","zakra_menu_active_style":"","zakra_page_header":true,"footnotes":""},"class_list":["post-1875","page","type-page","status-publish","hentry"],"_links":{"self":[{"href":"https:\/\/www.miatrading.com\/de\/wp-json\/wp\/v2\/pages\/1875","targetHints":{"allow":["GET"]}}],"collection":[{"href":"https:\/\/www.miatrading.com\/de\/wp-json\/wp\/v2\/pages"}],"about":[{"href":"https:\/\/www.miatrading.com\/de\/wp-json\/wp\/v2\/types\/page"}],"author":[{"embeddable":true,"href":"https:\/\/www.miatrading.com\/de\/wp-json\/wp\/v2\/users\/1"}],"replies":[{"embeddable":true,"href":"https:\/\/www.miatrading.com\/de\/wp-json\/wp\/v2\/comments?post=1875"}],"version-history":[{"count":16,"href":"https:\/\/www.miatrading.com\/de\/wp-json\/wp\/v2\/pages\/1875\/revisions"}],"predecessor-version":[{"id":2526,"href":"https:\/\/www.miatrading.com\/de\/wp-json\/wp\/v2\/pages\/1875\/revisions\/2526"}],"wp:attachment":[{"href":"https:\/\/www.miatrading.com\/de\/wp-json\/wp\/v2\/media?parent=1875"}],"curies":[{"name":"wp","href":"https:\/\/api.w.org\/{rel}","templated":true}]}}