{"id":1837,"date":"2021-04-26T18:40:49","date_gmt":"2021-04-26T18:40:49","guid":{"rendered":"http:\/\/mia.rf.gd\/?page_id=1837"},"modified":"2021-09-05T16:09:52","modified_gmt":"2021-09-05T16:09:52","slug":"bograin-2","status":"publish","type":"page","link":"https:\/\/www.miatrading.com\/en\/bograin-2\/","title":{"rendered":"BOGRAIN"},"content":{"rendered":"<div data-elementor-type=\"wp-page\" data-elementor-id=\"1837\" class=\"elementor elementor-1837\">\n\t\t\t\t\t\t<section class=\"elementor-section elementor-top-section elementor-element elementor-element-295a5124 elementor-section-stretched elementor-section-height-min-height elementor-section-boxed elementor-section-height-default elementor-section-items-middle\" data-id=\"295a5124\" data-element_type=\"section\" data-settings=\"{&quot;stretch_section&quot;:&quot;section-stretched&quot;,&quot;background_background&quot;:&quot;classic&quot;}\">\n\t\t\t\t\t\t\t<div class=\"elementor-background-overlay\"><\/div>\n\t\t\t\t\t\t\t<div class=\"elementor-container elementor-column-gap-default\">\n\t\t\t\t\t<div class=\"elementor-column elementor-col-100 elementor-top-column elementor-element elementor-element-e9e2b8d\" data-id=\"e9e2b8d\" data-element_type=\"column\">\n\t\t\t<div class=\"elementor-widget-wrap elementor-element-populated\">\n\t\t\t\t\t\t\t<\/div>\n\t\t<\/div>\n\t\t\t\t\t<\/div>\n\t\t<\/section>\n\t\t\t\t<section class=\"elementor-section elementor-top-section elementor-element elementor-element-4cde9dc8 elementor-section-boxed elementor-section-height-default elementor-section-height-default\" data-id=\"4cde9dc8\" data-element_type=\"section\" data-settings=\"{&quot;background_background&quot;:&quot;classic&quot;}\">\n\t\t\t\t\t\t<div class=\"elementor-container elementor-column-gap-default\">\n\t\t\t\t\t<div class=\"elementor-column elementor-col-50 elementor-top-column elementor-element elementor-element-66c296d4 elementor-invisible\" data-id=\"66c296d4\" data-element_type=\"column\" data-settings=\"{&quot;background_background&quot;:&quot;classic&quot;,&quot;animation&quot;:&quot;fadeInLeft&quot;,&quot;animation_delay&quot;:1000}\">\n\t\t\t<div class=\"elementor-widget-wrap elementor-element-populated\">\n\t\t\t\t\t\t<div class=\"elementor-element elementor-element-24d30bec elementor-widget elementor-widget-image\" data-id=\"24d30bec\" data-element_type=\"widget\" data-widget_type=\"image.default\">\n\t\t\t\t<div class=\"elementor-widget-container\">\n\t\t\t\t\t\t\t\t\t\t\t\t\t\t\t<img decoding=\"async\" src=\"https:\/\/www.miatrading.com\/wp-content\/uploads\/elementor\/thumbs\/Bograin-pgs55vcajb1sr8vg86ipqxcrocvgw8jt3y081ow5f4.jpg\" title=\"Bograin\" alt=\"Bograin\" loading=\"lazy\" \/>\t\t\t\t\t\t\t\t\t\t\t\t\t\t\t<\/div>\n\t\t\t\t<\/div>\n\t\t\t\t\t<\/div>\n\t\t<\/div>\n\t\t\t\t<div class=\"elementor-column elementor-col-50 elementor-top-column elementor-element elementor-element-41ad459 elementor-invisible\" data-id=\"41ad459\" data-element_type=\"column\" data-settings=\"{&quot;background_background&quot;:&quot;classic&quot;,&quot;animation&quot;:&quot;fadeInRight&quot;,&quot;animation_delay&quot;:1000}\">\n\t\t\t<div class=\"elementor-widget-wrap elementor-element-populated\">\n\t\t\t\t\t\t<div class=\"elementor-element elementor-element-d21f9d7 elementor-widget elementor-widget-heading\" data-id=\"d21f9d7\" data-element_type=\"widget\" data-widget_type=\"heading.default\">\n\t\t\t\t<div class=\"elementor-widget-container\">\n\t\t\t\t\t<h2 class=\"elementor-heading-title elementor-size-default\">BOGRAIN<\/h2>\t\t\t\t<\/div>\n\t\t\t\t<\/div>\n\t\t\t\t<div class=\"elementor-element elementor-element-71a9d0d4 elementor-widget elementor-widget-text-editor\" data-id=\"71a9d0d4\" data-element_type=\"widget\" data-widget_type=\"text-editor.default\">\n\t\t\t\t<div class=\"elementor-widget-container\">\n\t\t\t\t\t\t\t\t\t<p>beans, lentils, green beans, chickpeas, split peas, rice, all the Mediterranean long-life vegetables will have you travelling like nomads in the desert, their dried vegetables were the food\nreserve and ensured all the essential energy needed for their hard life.<\/p>\t\t\t\t\t\t\t\t<\/div>\n\t\t\t\t<\/div>\n\t\t\t\t\t<\/div>\n\t\t<\/div>\n\t\t\t\t\t<\/div>\n\t\t<\/section>\n\t\t\t\t<section class=\"elementor-section elementor-top-section elementor-element elementor-element-37ce8d3c elementor-section-stretched elementor-section-boxed elementor-section-height-default elementor-section-height-default\" data-id=\"37ce8d3c\" data-element_type=\"section\" data-settings=\"{&quot;stretch_section&quot;:&quot;section-stretched&quot;,&quot;background_background&quot;:&quot;classic&quot;}\">\n\t\t\t\t\t\t\t<div class=\"elementor-background-overlay\"><\/div>\n\t\t\t\t\t\t\t<div class=\"elementor-container elementor-column-gap-default\">\n\t\t\t\t\t<div class=\"elementor-column elementor-col-50 elementor-top-column elementor-element elementor-element-470ead5 elementor-invisible\" data-id=\"470ead5\" data-element_type=\"column\" data-settings=\"{&quot;background_background&quot;:&quot;classic&quot;,&quot;animation&quot;:&quot;fadeInLeft&quot;}\">\n\t\t\t<div class=\"elementor-widget-wrap elementor-element-populated\">\n\t\t\t\t\t\t<div class=\"elementor-element elementor-element-1b5fd47 elementor-widget elementor-widget-image\" data-id=\"1b5fd47\" data-element_type=\"widget\" data-widget_type=\"image.default\">\n\t\t\t\t<div class=\"elementor-widget-container\">\n\t\t\t\t\t\t\t\t\t\t\t\t\t\t\t<img decoding=\"async\" width=\"160\" height=\"89\" src=\"https:\/\/www.miatrading.com\/wp-content\/uploads\/2021\/03\/mia-trading-in.png\" class=\"attachment-large size-large wp-image-1185\" alt=\"\" \/>\t\t\t\t\t\t\t\t\t\t\t\t\t\t\t<\/div>\n\t\t\t\t<\/div>\n\t\t\t\t<div class=\"elementor-element elementor-element-fe72e52 elementor-widget-divider--view-line elementor-widget elementor-widget-divider\" data-id=\"fe72e52\" data-element_type=\"widget\" data-widget_type=\"divider.default\">\n\t\t\t\t<div class=\"elementor-widget-container\">\n\t\t\t\t\t\t\t<div class=\"elementor-divider\">\n\t\t\t<span class=\"elementor-divider-separator\">\n\t\t\t\t\t\t<\/span>\n\t\t<\/div>\n\t\t\t\t\t\t<\/div>\n\t\t\t\t<\/div>\n\t\t\t\t<div class=\"elementor-element elementor-element-a9148fd elementor-widget elementor-widget-heading\" data-id=\"a9148fd\" data-element_type=\"widget\" data-widget_type=\"heading.default\">\n\t\t\t\t<div class=\"elementor-widget-container\">\n\t\t\t\t\t<h6 class=\"elementor-heading-title elementor-size-default\"><p>MIA TRADING INT SA<br>\nQuai des Usines 22-23 Boite 6 <br>MABRU - B\u00e2timent B - Porte B5 <br>1000 Bruxelles<br>Belgique<\/p><\/h6>\t\t\t\t<\/div>\n\t\t\t\t<\/div>\n\t\t\t\t<div class=\"elementor-element elementor-element-5fe89c9 elementor-widget elementor-widget-text-editor\" data-id=\"5fe89c9\" data-element_type=\"widget\" data-widget_type=\"text-editor.default\">\n\t\t\t\t<div class=\"elementor-widget-container\">\n\t\t\t\t\t\t\t\t\t<p><\/p>\n<p>T\u00e9l : +32 2 240 10 80 <br><\/p><p>Fax : +32 2 240 10 88<\/p>\n<p><a href=\"mailto:info@miatrading.com\"> info@miatrading.com<\/a><\/p>\t\t\t\t\t\t\t\t<\/div>\n\t\t\t\t<\/div>\n\t\t\t\t\t<\/div>\n\t\t<\/div>\n\t\t\t\t<div class=\"elementor-column elementor-col-50 elementor-top-column elementor-element elementor-element-63fc0711\" data-id=\"63fc0711\" data-element_type=\"column\" data-settings=\"{&quot;background_background&quot;:&quot;classic&quot;}\">\n\t\t\t<div class=\"elementor-widget-wrap elementor-element-populated\">\n\t\t\t\t\t\t<div class=\"elementor-element elementor-element-57d8c8db elementor-widget elementor-widget-image\" data-id=\"57d8c8db\" data-element_type=\"widget\" data-widget_type=\"image.default\">\n\t\t\t\t<div class=\"elementor-widget-container\">\n\t\t\t\t\t\t\t\t\t\t\t\t\t\t\t<img decoding=\"async\" src=\"https:\/\/www.miatrading.com\/wp-content\/uploads\/elementor\/thumbs\/red-quotation-marks-hi-pgs55ue7xve11ycwuw0y8uwmjhgkyufic0hldh2nuk.png\" title=\"red-quotation-marks-hi\" alt=\"red-quotation-marks-hi\" loading=\"lazy\" \/>\t\t\t\t\t\t\t\t\t\t\t\t\t\t\t<\/div>\n\t\t\t\t<\/div>\n\t\t\t\t<div class=\"elementor-element elementor-element-199ca744 elementor-widget elementor-widget-testimonial\" data-id=\"199ca744\" data-element_type=\"widget\" data-widget_type=\"testimonial.default\">\n\t\t\t\t<div class=\"elementor-widget-container\">\n\t\t\t\t\t\t\t<div class=\"elementor-testimonial-wrapper\">\n\t\t\t\t\t\t\t<div class=\"elementor-testimonial-content\"><div data-id=\"e573bf3\" data-element_type=\"column\">All our \n<div><div data-id=\"982a66d\" data-element_type=\"widget\" data-widget_type=\"text-editor.default\"><div><div><p>products are guaranteed for their food quality at the best price on the market. This is without a doubt the reason for the success of our product range and the recognition we receive as reference suppliers for the World Food Programme (WFP) of the United Nations, and for the United Office for Project Services (UNOPS).<\/p><\/div>\n\t\t\t\t<\/div>\n\t\t\t\t<\/div>\n\t\t\t\t\t<\/div>\n\t\t<\/div><\/div>\n\t\t\t\n\t\t\t\t\t<\/div>\n\t\t\t\t\t\t<\/div>\n\t\t\t\t<\/div>\n\t\t\t\t\t<\/div>\n\t\t<\/div>\n\t\t\t\t\t<\/div>\n\t\t<\/section>\n\t\t\t\t<\/div>","protected":false},"excerpt":{"rendered":"<p>BOGRAIN F\u00e8ves, lentilles, haricots, pois chiches, pois cass\u00e9s, riz, tous les l\u00e9gumes m\u00e9diterran\u00e9ens \u00e0 longue conservation vous feront voyager comme les nomades, dans le d\u00e9sert, dont les l\u00e9gumes secs \u00e9taient la r\u00e9serve alimentaire et assuraient tous les apports \u00e9nerg\u00e9tiques indispensables dans leur vie rude. MIA TRADING INT SA Quai des Usines 22-23 Boite 6 MABRU [&hellip;]<\/p>","protected":false},"author":1,"featured_media":0,"parent":0,"menu_order":0,"comment_status":"closed","ping_status":"closed","template":"elementor_header_footer","meta":{"zakra_sidebar_layout":"customizer","zakra_remove_content_margin":false,"zakra_sidebar":"customizer","zakra_transparent_header":"customizer","zakra_logo":0,"zakra_main_header_style":"default","zakra_menu_item_color":"","zakra_menu_item_hover_color":"","zakra_menu_item_active_color":"","zakra_menu_active_style":"","zakra_page_header":true,"footnotes":""},"class_list":["post-1837","page","type-page","status-publish","hentry"],"_links":{"self":[{"href":"https:\/\/www.miatrading.com\/en\/wp-json\/wp\/v2\/pages\/1837","targetHints":{"allow":["GET"]}}],"collection":[{"href":"https:\/\/www.miatrading.com\/en\/wp-json\/wp\/v2\/pages"}],"about":[{"href":"https:\/\/www.miatrading.com\/en\/wp-json\/wp\/v2\/types\/page"}],"author":[{"embeddable":true,"href":"https:\/\/www.miatrading.com\/en\/wp-json\/wp\/v2\/users\/1"}],"replies":[{"embeddable":true,"href":"https:\/\/www.miatrading.com\/en\/wp-json\/wp\/v2\/comments?post=1837"}],"version-history":[{"count":19,"href":"https:\/\/www.miatrading.com\/en\/wp-json\/wp\/v2\/pages\/1837\/revisions"}],"predecessor-version":[{"id":2514,"href":"https:\/\/www.miatrading.com\/en\/wp-json\/wp\/v2\/pages\/1837\/revisions\/2514"}],"wp:attachment":[{"href":"https:\/\/www.miatrading.com\/en\/wp-json\/wp\/v2\/media?parent=1837"}],"curies":[{"name":"wp","href":"https:\/\/api.w.org\/{rel}","templated":true}]}}