{"id":1891,"date":"2021-04-26T21:33:22","date_gmt":"2021-04-26T21:33:22","guid":{"rendered":"http:\/\/mia.rf.gd\/?page_id=1891"},"modified":"2024-12-02T13:21:02","modified_gmt":"2024-12-02T13:21:02","slug":"baya","status":"publish","type":"page","link":"https:\/\/www.miatrading.com\/en\/baya\/","title":{"rendered":"BAYA"},"content":{"rendered":"<div data-elementor-type=\"wp-page\" data-elementor-id=\"1891\" class=\"elementor elementor-1891\">\n\t\t\t\t\t\t<section class=\"elementor-section elementor-top-section elementor-element elementor-element-15ee1c6e elementor-section-stretched elementor-section-height-min-height elementor-section-boxed elementor-section-height-default elementor-section-items-middle\" data-id=\"15ee1c6e\" data-element_type=\"section\" data-settings=\"{&quot;stretch_section&quot;:&quot;section-stretched&quot;,&quot;background_background&quot;:&quot;classic&quot;}\">\n\t\t\t\t\t\t\t<div class=\"elementor-background-overlay\"><\/div>\n\t\t\t\t\t\t\t<div class=\"elementor-container elementor-column-gap-default\">\n\t\t\t\t\t<div class=\"elementor-column elementor-col-100 elementor-top-column elementor-element elementor-element-68640315\" data-id=\"68640315\" data-element_type=\"column\">\n\t\t\t<div class=\"elementor-widget-wrap elementor-element-populated\">\n\t\t\t\t\t\t\t<\/div>\n\t\t<\/div>\n\t\t\t\t\t<\/div>\n\t\t<\/section>\n\t\t\t\t<section class=\"elementor-section elementor-top-section elementor-element elementor-element-113ff53d elementor-section-boxed elementor-section-height-default elementor-section-height-default\" data-id=\"113ff53d\" data-element_type=\"section\" data-settings=\"{&quot;background_background&quot;:&quot;classic&quot;}\">\n\t\t\t\t\t\t<div class=\"elementor-container elementor-column-gap-default\">\n\t\t\t\t\t<div class=\"elementor-column elementor-col-50 elementor-top-column elementor-element elementor-element-10d6428c elementor-invisible\" data-id=\"10d6428c\" data-element_type=\"column\" data-settings=\"{&quot;background_background&quot;:&quot;classic&quot;,&quot;animation&quot;:&quot;fadeInLeft&quot;,&quot;animation_delay&quot;:1200}\">\n\t\t\t<div class=\"elementor-widget-wrap elementor-element-populated\">\n\t\t\t\t\t\t<div class=\"elementor-element elementor-element-dfc57c elementor-widget elementor-widget-image\" data-id=\"dfc57c\" data-element_type=\"widget\" data-widget_type=\"image.default\">\n\t\t\t\t<div class=\"elementor-widget-container\">\n\t\t\t\t\t\t\t\t\t\t\t\t\t\t\t<img decoding=\"async\" src=\"https:\/\/www.miatrading.com\/wp-content\/uploads\/elementor\/thumbs\/A0B1EE28-94D2-4922-B871-CFB63832A281-pgs55uegch0ifmwtdo436flb2z03ojg2rtcqkexjlc.jpg\" title=\"A0B1EE28-94D2-4922-B871-CFB63832A281\" alt=\"A0B1EE28-94D2-4922-B871-CFB63832A281\" loading=\"lazy\" \/>\t\t\t\t\t\t\t\t\t\t\t\t\t\t\t<\/div>\n\t\t\t\t<\/div>\n\t\t\t\t\t<\/div>\n\t\t<\/div>\n\t\t\t\t<div class=\"elementor-column elementor-col-50 elementor-top-column elementor-element elementor-element-69e41d16 elementor-invisible\" data-id=\"69e41d16\" data-element_type=\"column\" data-settings=\"{&quot;background_background&quot;:&quot;classic&quot;,&quot;animation&quot;:&quot;fadeInRight&quot;,&quot;animation_delay&quot;:1400}\">\n\t\t\t<div class=\"elementor-widget-wrap elementor-element-populated\">\n\t\t\t\t\t\t<div class=\"elementor-element elementor-element-40e89461 elementor-widget elementor-widget-heading\" data-id=\"40e89461\" data-element_type=\"widget\" data-widget_type=\"heading.default\">\n\t\t\t\t<div class=\"elementor-widget-container\">\n\t\t\t\t\t<h2 class=\"elementor-heading-title elementor-size-default\">BAYA<\/h2>\t\t\t\t<\/div>\n\t\t\t\t<\/div>\n\t\t\t\t<div class=\"elementor-element elementor-element-2d7d3dca elementor-widget elementor-widget-text-editor\" data-id=\"2d7d3dca\" data-element_type=\"widget\" data-widget_type=\"text-editor.default\">\n\t\t\t\t<div class=\"elementor-widget-container\">\n\t\t\t\t\t\t\t\t\t<p>our barley and wheat grains guarantee a good flavour whether they are used as an\naccompaniment for traditional dishes, soups or pastries, from extra fine to medium or superior, they come from traditional agriculture and rigorous preparation to provide you with the best ingredient for your sun-enhanced recipes.<\/p>\t\t\t\t\t\t\t\t<\/div>\n\t\t\t\t<\/div>\n\t\t\t\t\t<\/div>\n\t\t<\/div>\n\t\t\t\t\t<\/div>\n\t\t<\/section>\n\t\t\t\t<section class=\"elementor-section elementor-top-section elementor-element elementor-element-44795973 elementor-section-stretched elementor-section-boxed elementor-section-height-default elementor-section-height-default\" data-id=\"44795973\" data-element_type=\"section\" data-settings=\"{&quot;stretch_section&quot;:&quot;section-stretched&quot;,&quot;background_background&quot;:&quot;classic&quot;}\">\n\t\t\t\t\t\t\t<div class=\"elementor-background-overlay\"><\/div>\n\t\t\t\t\t\t\t<div class=\"elementor-container elementor-column-gap-default\">\n\t\t\t\t\t<div class=\"elementor-column elementor-col-50 elementor-top-column elementor-element elementor-element-ee2f28d elementor-invisible\" data-id=\"ee2f28d\" data-element_type=\"column\" data-settings=\"{&quot;background_background&quot;:&quot;classic&quot;,&quot;animation&quot;:&quot;fadeInLeft&quot;}\">\n\t\t\t<div class=\"elementor-widget-wrap elementor-element-populated\">\n\t\t\t\t\t\t<div class=\"elementor-element elementor-element-6c39a28 elementor-widget elementor-widget-image\" data-id=\"6c39a28\" data-element_type=\"widget\" data-widget_type=\"image.default\">\n\t\t\t\t<div class=\"elementor-widget-container\">\n\t\t\t\t\t\t\t\t\t\t\t\t\t\t\t<img decoding=\"async\" width=\"160\" height=\"89\" src=\"https:\/\/www.miatrading.com\/wp-content\/uploads\/2021\/03\/mia-trading-in.png\" class=\"attachment-large size-large wp-image-1185\" alt=\"\" \/>\t\t\t\t\t\t\t\t\t\t\t\t\t\t\t<\/div>\n\t\t\t\t<\/div>\n\t\t\t\t<div class=\"elementor-element elementor-element-10f1511 elementor-widget-divider--view-line elementor-widget elementor-widget-divider\" data-id=\"10f1511\" data-element_type=\"widget\" data-widget_type=\"divider.default\">\n\t\t\t\t<div class=\"elementor-widget-container\">\n\t\t\t\t\t\t\t<div class=\"elementor-divider\">\n\t\t\t<span class=\"elementor-divider-separator\">\n\t\t\t\t\t\t<\/span>\n\t\t<\/div>\n\t\t\t\t\t\t<\/div>\n\t\t\t\t<\/div>\n\t\t\t\t<div class=\"elementor-element elementor-element-3f7b0cd elementor-widget elementor-widget-heading\" data-id=\"3f7b0cd\" data-element_type=\"widget\" data-widget_type=\"heading.default\">\n\t\t\t\t<div class=\"elementor-widget-container\">\n\t\t\t\t\t<h6 class=\"elementor-heading-title elementor-size-default\"><p>MIA TRADING INT SA<br>\nQuai des Usines 22-23 Boite 6 <br>MABRU - B\u00e2timent B - Porte B5 <br>1000 Bruxelles<br>Belgique<\/p><\/h6>\t\t\t\t<\/div>\n\t\t\t\t<\/div>\n\t\t\t\t<div class=\"elementor-element elementor-element-ebea305 elementor-widget elementor-widget-text-editor\" data-id=\"ebea305\" data-element_type=\"widget\" data-widget_type=\"text-editor.default\">\n\t\t\t\t<div class=\"elementor-widget-container\">\n\t\t\t\t\t\t\t\t\t<p><\/p>\n<p>T\u00e9l : +32 2 240 10 80 <br><\/p><p>Fax : +32 2 240 10 88<\/p>\n<p><a href=\"mailto:info@miatrading.com\"> info@miatrading.com<\/a><\/p>\t\t\t\t\t\t\t\t<\/div>\n\t\t\t\t<\/div>\n\t\t\t\t\t<\/div>\n\t\t<\/div>\n\t\t\t\t<div class=\"elementor-column elementor-col-50 elementor-top-column elementor-element elementor-element-18ebc91c\" data-id=\"18ebc91c\" data-element_type=\"column\" data-settings=\"{&quot;background_background&quot;:&quot;classic&quot;}\">\n\t\t\t<div class=\"elementor-widget-wrap elementor-element-populated\">\n\t\t\t\t\t\t<div class=\"elementor-element elementor-element-64007b02 elementor-widget elementor-widget-image\" data-id=\"64007b02\" data-element_type=\"widget\" data-widget_type=\"image.default\">\n\t\t\t\t<div class=\"elementor-widget-container\">\n\t\t\t\t\t\t\t\t\t\t\t\t\t\t\t<img decoding=\"async\" src=\"https:\/\/www.miatrading.com\/wp-content\/uploads\/elementor\/thumbs\/red-quotation-marks-hi-pgs55ue7xve11ycwuw0y8uwmjhgkyufic0hldh2nuk.png\" title=\"red-quotation-marks-hi\" alt=\"red-quotation-marks-hi\" loading=\"lazy\" \/>\t\t\t\t\t\t\t\t\t\t\t\t\t\t\t<\/div>\n\t\t\t\t<\/div>\n\t\t\t\t<div class=\"elementor-element elementor-element-f2c91e1 elementor-widget elementor-widget-testimonial\" data-id=\"f2c91e1\" data-element_type=\"widget\" data-widget_type=\"testimonial.default\">\n\t\t\t\t<div class=\"elementor-widget-container\">\n\t\t\t\t\t\t\t<div class=\"elementor-testimonial-wrapper\">\n\t\t\t\t\t\t\t<div class=\"elementor-testimonial-content\"><div data-id=\"e573bf3\" data-element_type=\"column\">All our \n<div><div data-id=\"982a66d\" data-element_type=\"widget\" data-widget_type=\"text-editor.default\"><div><div><p>products are guaranteed for their food quality at the best price on the market. This is without a doubt the reason for the success of our product range and the recognition we receive as reference suppliers for the World Food Programme (WFP) of the United Nations, and for the United Office for Project Services (UNOPS).<\/p><\/div>\n\t\t\t\t<\/div>\n\t\t\t\t<\/div>\n\t\t\t\t\t<\/div>\n\t\t<\/div><\/div>\n\t\t\t\n\t\t\t\t\t<\/div>\n\t\t\t\t\t\t<\/div>\n\t\t\t\t<\/div>\n\t\t\t\t\t<\/div>\n\t\t<\/div>\n\t\t\t\t\t<\/div>\n\t\t<\/section>\n\t\t\t\t<\/div>","protected":false},"excerpt":{"rendered":"<p>BAYA Nos semoules d\u2019orge et de bl\u00e9 garantissent un plaisir gustatif qu\u2019elles soient utilis\u00e9es en accompagnement des plats traditionnels des potages ou des p\u00e2tisseries, de l\u2019extra-fine \u00e0 la moyenne ou \u00e0 la sup\u00e9rieure. Elles proviennent d\u2019une agriculture de tradition et d\u2019une pr\u00e9paration rigoureuse, pour vous offrir la meilleure association avec vos recettes ensoleill\u00e9es. MIA TRADING [&hellip;]<\/p>","protected":false},"author":1,"featured_media":0,"parent":0,"menu_order":0,"comment_status":"closed","ping_status":"closed","template":"elementor_header_footer","meta":{"zakra_sidebar_layout":"customizer","zakra_remove_content_margin":false,"zakra_sidebar":"customizer","zakra_transparent_header":"customizer","zakra_logo":0,"zakra_main_header_style":"default","zakra_menu_item_color":"","zakra_menu_item_hover_color":"","zakra_menu_item_active_color":"","zakra_menu_active_style":"","zakra_page_header":true,"footnotes":""},"class_list":["post-1891","page","type-page","status-publish","hentry"],"_links":{"self":[{"href":"https:\/\/www.miatrading.com\/en\/wp-json\/wp\/v2\/pages\/1891","targetHints":{"allow":["GET"]}}],"collection":[{"href":"https:\/\/www.miatrading.com\/en\/wp-json\/wp\/v2\/pages"}],"about":[{"href":"https:\/\/www.miatrading.com\/en\/wp-json\/wp\/v2\/types\/page"}],"author":[{"embeddable":true,"href":"https:\/\/www.miatrading.com\/en\/wp-json\/wp\/v2\/users\/1"}],"replies":[{"embeddable":true,"href":"https:\/\/www.miatrading.com\/en\/wp-json\/wp\/v2\/comments?post=1891"}],"version-history":[{"count":22,"href":"https:\/\/www.miatrading.com\/en\/wp-json\/wp\/v2\/pages\/1891\/revisions"}],"predecessor-version":[{"id":2801,"href":"https:\/\/www.miatrading.com\/en\/wp-json\/wp\/v2\/pages\/1891\/revisions\/2801"}],"wp:attachment":[{"href":"https:\/\/www.miatrading.com\/en\/wp-json\/wp\/v2\/media?parent=1891"}],"curies":[{"name":"wp","href":"https:\/\/api.w.org\/{rel}","templated":true}]}}