{"id":1899,"date":"2021-04-26T22:22:07","date_gmt":"2021-04-26T22:22:07","guid":{"rendered":"http:\/\/mia.rf.gd\/?page_id=1899"},"modified":"2021-09-05T16:07:01","modified_gmt":"2021-09-05T16:07:01","slug":"azeyt","status":"publish","type":"page","link":"https:\/\/www.miatrading.com\/nl\/azeyt\/","title":{"rendered":"AZEYT"},"content":{"rendered":"<div data-elementor-type=\"wp-page\" data-elementor-id=\"1899\" class=\"elementor elementor-1899\">\n\t\t\t\t\t\t<section class=\"elementor-section elementor-top-section elementor-element elementor-element-42607d4b elementor-section-stretched elementor-section-height-min-height elementor-section-boxed elementor-section-height-default elementor-section-items-middle\" data-id=\"42607d4b\" data-element_type=\"section\" data-settings=\"{&quot;stretch_section&quot;:&quot;section-stretched&quot;,&quot;background_background&quot;:&quot;classic&quot;}\">\n\t\t\t\t\t\t\t<div class=\"elementor-background-overlay\"><\/div>\n\t\t\t\t\t\t\t<div class=\"elementor-container elementor-column-gap-default\">\n\t\t\t\t\t<div class=\"elementor-column elementor-col-100 elementor-top-column elementor-element elementor-element-5660cbd1\" data-id=\"5660cbd1\" data-element_type=\"column\">\n\t\t\t<div class=\"elementor-widget-wrap elementor-element-populated\">\n\t\t\t\t\t\t\t<\/div>\n\t\t<\/div>\n\t\t\t\t\t<\/div>\n\t\t<\/section>\n\t\t\t\t<section class=\"elementor-section elementor-top-section elementor-element elementor-element-3bef7816 elementor-section-boxed elementor-section-height-default elementor-section-height-default\" data-id=\"3bef7816\" data-element_type=\"section\" data-settings=\"{&quot;background_background&quot;:&quot;classic&quot;}\">\n\t\t\t\t\t\t<div class=\"elementor-container elementor-column-gap-default\">\n\t\t\t\t\t<div class=\"elementor-column elementor-col-50 elementor-top-column elementor-element elementor-element-68ef1a5e elementor-invisible\" data-id=\"68ef1a5e\" data-element_type=\"column\" data-settings=\"{&quot;background_background&quot;:&quot;classic&quot;,&quot;animation&quot;:&quot;fadeInLeft&quot;,&quot;animation_delay&quot;:1000}\">\n\t\t\t<div class=\"elementor-widget-wrap elementor-element-populated\">\n\t\t\t\t\t\t<div class=\"elementor-element elementor-element-274c48bf elementor-widget elementor-widget-image\" data-id=\"274c48bf\" data-element_type=\"widget\" data-widget_type=\"image.default\">\n\t\t\t\t<div class=\"elementor-widget-container\">\n\t\t\t\t\t\t\t\t\t\t\t\t\t\t\t<img fetchpriority=\"high\" decoding=\"async\" width=\"698\" height=\"392\" src=\"https:\/\/www.miatrading.com\/wp-content\/uploads\/2021\/04\/actualite\u0301s-produits-huiles-ve\u0301ge\u0301tales.jpg\" class=\"attachment-medium_large size-medium_large wp-image-1904\" alt=\"\" srcset=\"https:\/\/www.miatrading.com\/wp-content\/uploads\/2021\/04\/actualite\u0301s-produits-huiles-ve\u0301ge\u0301tales.jpg 698w, https:\/\/www.miatrading.com\/wp-content\/uploads\/2021\/04\/actualite\u0301s-produits-huiles-ve\u0301ge\u0301tales-300x168.jpg 300w\" sizes=\"(max-width: 698px) 100vw, 698px\" \/>\t\t\t\t\t\t\t\t\t\t\t\t\t\t\t<\/div>\n\t\t\t\t<\/div>\n\t\t\t\t\t<\/div>\n\t\t<\/div>\n\t\t\t\t<div class=\"elementor-column elementor-col-50 elementor-top-column elementor-element elementor-element-494d96a1 elementor-invisible\" data-id=\"494d96a1\" data-element_type=\"column\" data-settings=\"{&quot;background_background&quot;:&quot;classic&quot;,&quot;animation&quot;:&quot;fadeInRight&quot;,&quot;animation_delay&quot;:1000}\">\n\t\t\t<div class=\"elementor-widget-wrap elementor-element-populated\">\n\t\t\t\t\t\t<div class=\"elementor-element elementor-element-245b0092 elementor-widget elementor-widget-heading\" data-id=\"245b0092\" data-element_type=\"widget\" data-widget_type=\"heading.default\">\n\t\t\t\t<div class=\"elementor-widget-container\">\n\t\t\t\t\t<h2 class=\"elementor-heading-title elementor-size-default\">AZEYT<\/h2>\t\t\t\t<\/div>\n\t\t\t\t<\/div>\n\t\t\t\t<div class=\"elementor-element elementor-element-5f9f685c elementor-widget elementor-widget-text-editor\" data-id=\"5f9f685c\" data-element_type=\"widget\" data-widget_type=\"text-editor.default\">\n\t\t\t\t<div class=\"elementor-widget-container\">\n\t\t\t\t\t\t\t\t\t<div class=\"elementor-element elementor-element-a4fe662 elementor-widget elementor-widget-text-editor is-mac\" data-id=\"a4fe662\" data-element_type=\"widget\" data-widget_type=\"text-editor.default\">\n\t\t\t\t<div class=\"elementor-widget-container\">\n\t\t\t\t\t<div class=\"elementor-text-editor elementor-clearfix\"><p style=\"text-align: left;\">Azeyt: een uitstekende, lichte en geurige voedingsolie voor uw alledaagse bereidingen.<\/p><\/div>\n\t\t\t\t<\/div>\n\t\t\t\t<\/div>\t\t\t\t\t\t\t\t<\/div>\n\t\t\t\t<\/div>\n\t\t\t\t\t<\/div>\n\t\t<\/div>\n\t\t\t\t\t<\/div>\n\t\t<\/section>\n\t\t\t\t<section class=\"elementor-section elementor-top-section elementor-element elementor-element-4c58150f elementor-section-stretched elementor-section-boxed elementor-section-height-default elementor-section-height-default\" data-id=\"4c58150f\" data-element_type=\"section\" data-settings=\"{&quot;stretch_section&quot;:&quot;section-stretched&quot;,&quot;background_background&quot;:&quot;classic&quot;}\">\n\t\t\t\t\t\t\t<div class=\"elementor-background-overlay\"><\/div>\n\t\t\t\t\t\t\t<div class=\"elementor-container elementor-column-gap-default\">\n\t\t\t\t\t<div class=\"elementor-column elementor-col-50 elementor-top-column elementor-element elementor-element-05c12fb elementor-invisible\" data-id=\"05c12fb\" data-element_type=\"column\" data-settings=\"{&quot;background_background&quot;:&quot;classic&quot;,&quot;animation&quot;:&quot;fadeInLeft&quot;}\">\n\t\t\t<div class=\"elementor-widget-wrap elementor-element-populated\">\n\t\t\t\t\t\t<div class=\"elementor-element elementor-element-1d9a564 elementor-widget elementor-widget-image\" data-id=\"1d9a564\" data-element_type=\"widget\" data-widget_type=\"image.default\">\n\t\t\t\t<div class=\"elementor-widget-container\">\n\t\t\t\t\t\t\t\t\t\t\t\t\t\t\t<img decoding=\"async\" width=\"160\" height=\"89\" src=\"https:\/\/www.miatrading.com\/wp-content\/uploads\/2021\/03\/mia-trading-in.png\" class=\"attachment-large size-large wp-image-1185\" alt=\"\" \/>\t\t\t\t\t\t\t\t\t\t\t\t\t\t\t<\/div>\n\t\t\t\t<\/div>\n\t\t\t\t<div class=\"elementor-element elementor-element-10bd345 elementor-widget-divider--view-line elementor-widget elementor-widget-divider\" data-id=\"10bd345\" data-element_type=\"widget\" data-widget_type=\"divider.default\">\n\t\t\t\t<div class=\"elementor-widget-container\">\n\t\t\t\t\t\t\t<div class=\"elementor-divider\">\n\t\t\t<span class=\"elementor-divider-separator\">\n\t\t\t\t\t\t<\/span>\n\t\t<\/div>\n\t\t\t\t\t\t<\/div>\n\t\t\t\t<\/div>\n\t\t\t\t<div class=\"elementor-element elementor-element-d44fd85 elementor-widget elementor-widget-heading\" data-id=\"d44fd85\" data-element_type=\"widget\" data-widget_type=\"heading.default\">\n\t\t\t\t<div class=\"elementor-widget-container\">\n\t\t\t\t\t<h6 class=\"elementor-heading-title elementor-size-default\"><p>MIA TRADING INT SA<br>\nQuai des Usines 22-23 Boite 6 <br>MABRU - B\u00e2timent B - Porte B5 <br>1000 Bruxelles<br>Belgique<\/p><\/h6>\t\t\t\t<\/div>\n\t\t\t\t<\/div>\n\t\t\t\t<div class=\"elementor-element elementor-element-b0ac9a7 elementor-widget elementor-widget-text-editor\" data-id=\"b0ac9a7\" data-element_type=\"widget\" data-widget_type=\"text-editor.default\">\n\t\t\t\t<div class=\"elementor-widget-container\">\n\t\t\t\t\t\t\t\t\t<p><\/p>\n<p>T\u00e9l : +32 2 240 10 80 <br><\/p><p>Fax : +32 2 240 10 88<\/p>\n<p><a href=\"mailto:info@miatrading.com\"> info@miatrading.com<\/a><\/p>\t\t\t\t\t\t\t\t<\/div>\n\t\t\t\t<\/div>\n\t\t\t\t\t<\/div>\n\t\t<\/div>\n\t\t\t\t<div class=\"elementor-column elementor-col-50 elementor-top-column elementor-element elementor-element-6cd6c6\" data-id=\"6cd6c6\" data-element_type=\"column\" data-settings=\"{&quot;background_background&quot;:&quot;classic&quot;}\">\n\t\t\t<div class=\"elementor-widget-wrap elementor-element-populated\">\n\t\t\t\t\t\t<div class=\"elementor-element elementor-element-6363ac0f elementor-widget elementor-widget-image\" data-id=\"6363ac0f\" data-element_type=\"widget\" data-widget_type=\"image.default\">\n\t\t\t\t<div class=\"elementor-widget-container\">\n\t\t\t\t\t\t\t\t\t\t\t\t\t\t\t<img decoding=\"async\" src=\"https:\/\/www.miatrading.com\/wp-content\/uploads\/elementor\/thumbs\/red-quotation-marks-hi-pgs55ue7xve11ycwuw0y8uwmjhgkyufic0hldh2nuk.png\" title=\"red-quotation-marks-hi\" alt=\"red-quotation-marks-hi\" loading=\"lazy\" \/>\t\t\t\t\t\t\t\t\t\t\t\t\t\t\t<\/div>\n\t\t\t\t<\/div>\n\t\t\t\t<div class=\"elementor-element elementor-element-9eea923 elementor-widget elementor-widget-testimonial\" data-id=\"9eea923\" data-element_type=\"widget\" data-widget_type=\"testimonial.default\">\n\t\t\t\t<div class=\"elementor-widget-container\">\n\t\t\t\t\t\t\t<div class=\"elementor-testimonial-wrapper\">\n\t\t\t\t\t\t\t<div class=\"elementor-testimonial-content\"><div data-id=\"e573bf3\" data-element_type=\"column\">Al onze \n<div><div data-id=\"982a66d\" data-element_type=\"widget\" data-widget_type=\"text-editor.default\"><div><div><p>producten zijn gegarandeerd qua voedselkwaliteit en worden verkocht aan de beste prijzen.\nDit is ongetwijfeld de reden voor het succes van ons assortiment en voor onze erkenning als\nbenchmark leverancier voor het Wereldvoedselprogramma van de Verenigde Naties (WFP) en hetUnited Nations Office for Project Services (UNOPS).<\/p><\/div>\n\t\t\t\t<\/div>\n\t\t\t\t<\/div>\n\t\t\t\t\t<\/div>\n\t\t<\/div><\/div>\n\t\t\t\n\t\t\t\t\t<\/div>\n\t\t\t\t\t\t<\/div>\n\t\t\t\t<\/div>\n\t\t\t\t\t<\/div>\n\t\t<\/div>\n\t\t\t\t\t<\/div>\n\t\t<\/section>\n\t\t\t\t<\/div>","protected":false},"excerpt":{"rendered":"<p>AZEYT Azeyt : une excellente huile alimentaire l\u00e9g\u00e8re et parfum\u00e9e pour les pr\u00e9parations de tous les jours. MIA TRADING INT SA Quai des Usines 22-23 Boite 6 MABRU &#8211; B\u00e2timent B &#8211; Porte B5 1000 BruxellesBelgique T\u00e9l : +32 2 240 10 80 Fax : +32 2 240 10 88 info@miatrading.com Tous nos produits sont [&hellip;]<\/p>","protected":false},"author":1,"featured_media":0,"parent":0,"menu_order":0,"comment_status":"closed","ping_status":"closed","template":"elementor_header_footer","meta":{"zakra_sidebar_layout":"customizer","zakra_remove_content_margin":false,"zakra_sidebar":"customizer","zakra_transparent_header":"customizer","zakra_logo":0,"zakra_main_header_style":"default","zakra_menu_item_color":"","zakra_menu_item_hover_color":"","zakra_menu_item_active_color":"","zakra_menu_active_style":"","zakra_page_header":true,"footnotes":""},"class_list":["post-1899","page","type-page","status-publish","hentry"],"_links":{"self":[{"href":"https:\/\/www.miatrading.com\/nl\/wp-json\/wp\/v2\/pages\/1899","targetHints":{"allow":["GET"]}}],"collection":[{"href":"https:\/\/www.miatrading.com\/nl\/wp-json\/wp\/v2\/pages"}],"about":[{"href":"https:\/\/www.miatrading.com\/nl\/wp-json\/wp\/v2\/types\/page"}],"author":[{"embeddable":true,"href":"https:\/\/www.miatrading.com\/nl\/wp-json\/wp\/v2\/users\/1"}],"replies":[{"embeddable":true,"href":"https:\/\/www.miatrading.com\/nl\/wp-json\/wp\/v2\/comments?post=1899"}],"version-history":[{"count":28,"href":"https:\/\/www.miatrading.com\/nl\/wp-json\/wp\/v2\/pages\/1899\/revisions"}],"predecessor-version":[{"id":2496,"href":"https:\/\/www.miatrading.com\/nl\/wp-json\/wp\/v2\/pages\/1899\/revisions\/2496"}],"wp:attachment":[{"href":"https:\/\/www.miatrading.com\/nl\/wp-json\/wp\/v2\/media?parent=1899"}],"curies":[{"name":"wp","href":"https:\/\/api.w.org\/{rel}","templated":true}]}}